{"id":29,"date":"2021-01-13T19:09:23","date_gmt":"2021-01-13T18:09:23","guid":{"rendered":"https:\/\/lucartfund.cz\/?page_id=29"},"modified":"2021-11-08T13:14:30","modified_gmt":"2021-11-08T12:14:30","slug":"granty","status":"publish","type":"page","link":"https:\/\/lucartfund.cz\/en\/granty\/","title":{"rendered":"Grants"},"content":{"rendered":"<h2><strong>P\u0159id\u011blen\u00ed soci\u00e1ln\u00edch stipendi\u00edch nada\u010dn\u00edho fondu Luc Art Fund<\/strong><\/h2>\n<p><span style=\"font-weight: 400;\">V p\u00e1tek 26.&nbsp;b\u0159ezna bylo rozhodnuto o&nbsp;p\u0159id\u011blen\u00ed soci\u00e1ln\u00edch stipendi\u00edch nada\u010dn\u00edho fondu <\/span><i><span style=\"font-weight: 400;\">Luc Art Fund<\/span><\/i><span style=\"font-weight: 400;\">. V\u00fdt\u011b\u017eek z&nbsp;prosincov\u00e9 dobro\u010dinn\u00e9 aukce <\/span><i><span style=\"font-weight: 400;\">Um\u011blci um\u011blc\u016fm<\/span><\/i><span style=\"font-weight: 400;\">, kter\u00fd p\u0159es\u00e1hl \u010d\u00e1stku 400 tis\u00edc korun, byl rozd\u011blen do \u0161esti stipendi\u00ed o&nbsp;v\u00fd\u0161i 65 tis\u00edc korun.<\/span><span style=\"font-weight: 400;\">Odborn\u00e1 komise zastoupen\u00e1 Janou Bukvovou (zakladatelkou nada\u010dn\u00edho fondu), Gabrielou B\u00f6hmovou (osobn\u00ed kou\u010dkou a&nbsp;lektorkou) a&nbsp;Ji\u0159\u00edm Pt\u00e1\u010dkem (teoretikem um\u011bn\u00ed a&nbsp;kur\u00e1torem) kladn\u011b schv\u00e1lila v\u0161ech 21 obdr\u017een\u00fdch \u017e\u00e1dost\u00ed a&nbsp;postoupila je k&nbsp;losov\u00e1n\u00ed. Krit\u00e9rii \u017e\u00e1dosti o&nbsp;stipendium bylo dolo\u017een\u00ed aktivn\u00ed um\u011bleck\u00e9 \u010dinnosti a&nbsp;stru\u010dn\u00fd popis \u017eivotn\u00ed situace, kter\u00fd negativn\u011b ovlivnila pandemick\u00e1 krize.&nbsp;<\/span><span style=\"font-weight: 400;\">Losov\u00e1n\u00ed prob\u011bhlo v&nbsp;zastoupen\u00ed \u010dlen\u016f komise a&nbsp;za pr\u00e1vn\u00edho dohledu. Jm\u00e9na p\u0159\u00edjemc\u016f a&nbsp;p\u0159\u00edjemky\u0148 z\u016fstanou nezve\u0159ejn\u011bna z&nbsp;d\u016fvodu zachov\u00e1n\u00ed d\u016fv\u011bry mezi nada\u010dn\u00edm fondem a&nbsp;\u017eadateli, kte\u0159\u00ed se kv\u016fli ud\u00e1lostem posledn\u00edho roku ocitli v&nbsp;t\u00ed\u017eiv\u00fdch situac\u00edch. Vyu\u017eit\u00ed finan\u010dn\u00edch prost\u0159edk\u016f ze stipendi\u00ed z\u016fst\u00e1v\u00e1 na uv\u00e1\u017een\u00ed um\u011blc\u016f a&nbsp;um\u011blky\u0148.<\/span><span style=\"font-weight: 400;\">Zakladatelky Luc Art Fund Jana Bukvov\u00e1 a&nbsp;Lucie Drdov\u00e1 d\u011bkuj\u00ed v\u0161em z\u00fa\u010dastn\u011bn\u00fdm, p\u0159edev\u0161\u00edm um\u011blc\u016fm a&nbsp;um\u011blkyn\u00edm, kte\u0159\u00ed poskytli d\u00edla do dobro\u010dinn\u00e9 aukce, p\u0159ihl\u00e1\u0161en\u00fdm \u017eadatel\u016fm i&nbsp;\u017eadatelk\u00e1m a&nbsp;hlavn\u00edmu partnerovi J&amp;T Bance za projevenou d\u016fv\u011bru a&nbsp;podporu.<\/span><\/p>\n<p>&nbsp;<\/p>\n<h2><strong>Jak\u00e9 jsou z\u00e1kladn\u00ed podm\u00ednky v\u00fdb\u011brov\u00e9ho \u0159\u00edzen\u00ed na soci\u00e1ln\u00ed stipendia Luc Art Fund v&nbsp;bodech?<\/strong><\/h2>\n<ul>\n<li><strong>\u017dadatel\/ka mus\u00ed b\u00fdt aktivn\u00ed um\u011blec\/um\u011blkyn\u011b<\/strong>, kter\u00fd z\u00edskal\/la vzd\u011bl\u00e1n\u00ed na vysok\u00e9 v\u00fdtvarn\u00e9 \u0161kole &#8211; svoji aktivitu fondu dolo\u017e\u00ed sv\u00fdm profesn\u00edm portfoliem (um\u011bleck\u00e1 \u010dinnost p\u0159i&nbsp;v\u00fdb\u011brov\u00e9m \u0159\u00edzen\u00ed nebude sama o&nbsp;sob\u011b posuzov\u00e1na, jde o&nbsp;dolo\u017een\u00ed, \u017ee je \u017eadatel\/\u017eadatelka aktivn\u00ed ve v\u00fdtvarn\u00e9m um\u011bn\u00ed).<\/li>\n<li><strong>Do \u017e\u00e1dosti se uv\u00e1d\u00ed pouze z\u00e1kladn\u00ed fakta<\/strong> o&nbsp;tom, jak se d\u016fsledky pandemick\u00e9 krize prom\u00edtly do osobn\u00edho a&nbsp;profesn\u00edho \u017eivota, nen\u00ed nutn\u00e9 vypisovat p\u0159esn\u00e9 finan\u010dn\u00ed cash flow dom\u00e1cnosti.<\/li>\n<li><strong>Podporu v&nbsp;leto\u0161n\u00edm roce z\u00edsk\u00e1 6 um\u011blky\u0148\/um\u011blc\u016f<\/strong>. Komise (ve slo\u017een\u00ed jedn\u00e9 z\u00e1stupkyn\u011b nada\u010dn\u00edho fondu, jednoho odborn\u00edka z&nbsp;oboru v\u00fdtvarn\u00e9ho um\u011bn\u00ed a&nbsp;odbornice z&nbsp;oblasti soci\u00e1ln\u00ed politiky a&nbsp;soci\u00e1ln\u00ed pr\u00e1ce) vyhodnot\u00ed spln\u011bn\u00ed podm\u00ednek v\u00fdb\u011brov\u00e9ho \u0159\u00edzen\u00ed a&nbsp;n\u00e1sledn\u011b se o&nbsp;\u0161esti \u00fasp\u011b\u0161n\u00fdch \u017eadatel\u00edch a&nbsp;\u017eadatelk\u00e1ch rozhodne losov\u00e1n\u00edm.<\/li>\n<li><strong>\u017dadatel\u00e9\/\u017eadatelky a&nbsp;\u00fasp\u011b\u0161n\u00ed p\u0159\u00edjemci\/p\u0159\u00edjemkyn\u011b z\u016fstanou pro ve\u0159ejnost anonymn\u00ed<\/strong>. Zpracov\u00e1n\u00edm osobn\u00edch \u00fadaj\u016f \u017eadatel\u016f vyu\u017eije nada\u010dn\u00ed fond \u010dist\u011b k&nbsp;posouzen\u00ed n\u00e1rok\u016f v\u00fdb\u011brov\u00e9ho \u0159\u00edzen\u00ed.<\/li>\n<li>V\u00fd\u0161e soci\u00e1ln\u00edho stipendia je 65&nbsp;000&nbsp;K\u010d. <strong>Je p\u0159edev\u0161\u00edm na vlastn\u00edm uv\u00e1\u017een\u00ed \u017eadatele\/ky, jak finan\u010dn\u00ed pomoc vyu\u017eije <\/strong>(nevy\u017eadujeme \u00fa\u010dtenky a&nbsp;faktury).<\/li>\n<li>Bezprost\u0159edn\u011b po&nbsp;3 m\u011bs\u00edc\u00edch od obdr\u017een\u00ed stipendia \u017eadatel\/\u017eadatelka za\u0161le nada\u010dn\u00edmu fondu zpr\u00e1vu o&nbsp;vyu\u017eit\u00ed prost\u0159edk\u016f a&nbsp;jak mu\/j\u00ed finan\u010dn\u00ed obnos v&nbsp;jeho\/jej\u00edm \u017eivot\u011b pomohl.<\/li>\n<\/ul>\n<h2><strong>Cel\u00e9 zn\u011bn\u00ed podm\u00ednek \u017e\u00e1dosti o&nbsp;soci\u00e1ln\u00ed stipendia<\/strong><\/h2>\n<h3><strong>Kdo m\u016f\u017ee \u017e\u00e1dat?<\/strong><\/h3>\n<p>\u017dadatelem o&nbsp;soci\u00e1ln\u00ed stipendium mohou b\u00fdt osoby, kter\u00e9 z\u00edskaly (\u00fasp\u011b\u0161n\u011b ukon\u010dily) vzd\u011bl\u00e1n\u00ed na vysok\u00fdch v\u00fdtvarn\u00fdch \u0161kol\u00e1ch a&nbsp;akademi\u00edch akreditovan\u00fdch Ministerstvem \u0161kolstv\u00ed \u010cR; jsou aktivn\u00edmi a&nbsp;praktikuj\u00edc\u00edmi um\u011blci a&nbsp;um\u011blkyn\u011bmi v&nbsp;oblasti sou\u010dasn\u00e9ho v\u00fdtvarn\u00e9ho um\u011bn\u00ed. Z\u00e1rove\u0148 byla b\u011bhem minul\u00e9ho roku 2020 jejich ekonomick\u00e1 a&nbsp;soci\u00e1ln\u00ed situace v\u00fdrazn\u011b ohro\u017eena v&nbsp;d\u016fsledku restrikc\u00ed a&nbsp;opat\u0159en\u00ed v&nbsp;r\u00e1mci&nbsp;pandemick\u00e9 situace Covid-19.<\/p>\n<h3><strong>V\u00fd\u0161e soci\u00e1ln\u00edho stipendia<\/strong><\/h3>\n<p>V\u00fd\u0161e soci\u00e1ln\u00edho stipendia odpov\u00edd\u00e1 stabiln\u00ed \u010d\u00e1stce 65&nbsp;000&nbsp;K\u010d.<\/p>\n<p>V&nbsp;leto\u0161n\u00edm roce bude moci tuto podporu z\u00edskat 6 vybran\u00fdch um\u011blky\u0148\/um\u011blc\u016f.<\/p>\n<h3><strong>Na co m\u016f\u017eete soci\u00e1ln\u00ed stipendium vyu\u017e\u00edt?<\/strong><\/h3>\n<p>Soci\u00e1ln\u00ed stipendium m\u016f\u017ee \u017eadatel\/ka pou\u017e\u00edt na pokryt\u00ed z\u00e1kladn\u00edch \u017eivotn\u00edch pot\u0159eb v\u010detn\u011b platby n\u00e1jmu \u010di&nbsp;spl\u00e1tky hypot\u00e9ky, d\u00e1le na vlastn\u00ed tv\u016fr\u010d\u00ed \u010dinnost a&nbsp;s&nbsp;n\u00ed spojen\u00e9 n\u00e1klady.<\/p>\n<p>Je p\u0159edev\u0161\u00edm na vlastn\u00edm uv\u00e1\u017een\u00ed \u017eadatele\/ky, jak finan\u010dn\u00ed pomoc vyu\u017eije.<\/p>\n<p>V\u011b\u0159\u00edme, \u017ee ji vyu\u017eije nejl\u00e9pe v&nbsp;souladu s&nbsp;v\u00fd\u0161e zm\u00edn\u011bn\u00fdm popisem a&nbsp;vlastn\u00edmi pot\u0159ebami v&nbsp;sou\u010dasn\u00e9 situaci.<\/p>\n<h3><strong>Jak o&nbsp;stipendium za\u017e\u00e1dat?<\/strong><\/h3>\n<p>N\u00ed\u017ee uveden\u00e9 dokumenty za\u0161lete Jan\u011b Bukvov\u00e9 na email <a href=\"mailto:jana.bukvova@lucartfund.cz\">jana.bukvova@lucartfund.cz<\/a>, a&nbsp;to do 28.&nbsp;\u00fanora&nbsp;2021.<\/p>\n<ul>\n<li>Profesn\u00ed CV v\u010detn\u011b v\u00fdstavn\u00ed \u010dinnosti<\/li>\n<li>profesn\u00ed \u017eivotopis v\u010detn\u011b v\u00fdstavn\u00ed historie<\/li>\n<li>Profesn\u00ed portfolio um\u011bleck\u00e9 tvorby<\/li>\n<li>Portfolio tv\u016fr\u010d\u00ed \u010dinnosti min. za posledn\u00ed 3&nbsp;roky jako doklad o&nbsp;skute\u010dnosti, \u017ee je \u017eadatel\/ka aktivn\u00edm um\u011blcem\/um\u011blkyn\u00ed.<\/li>\n<li>Popis aktu\u00e1ln\u00ed \u017eivotn\u00ed situace<\/li>\n<li>Dopis, ve kter\u00e9m \u017eadatel\/ka pop\u00ed\u0161e obecnou \u017eivotn\u00ed situaci zahrnuj\u00edc\u00ed rodinn\u00fd\/partnersk\u00fd stav, zp\u016fsob ob\u017eivy a&nbsp;odbornou \u010dinnost, finan\u010dn\u00ed n\u00e1klady v\u010detn\u011b n\u00e1klad\u016f spojen\u00fdch s&nbsp;um\u011bleckou \u010dinnost\u00ed. Tento dopis d\u00e1le obsahuje popis \u017eivotn\u00ed reality v&nbsp;minul\u00e9m roce, ve kter\u00e9m \u017eadatel uvede, jak se d\u016fsledky pandemick\u00e9 krize prom\u00edtly do osobn\u00edho a&nbsp;profesn\u00edho \u017eivota. Uvede tak\u00e9, zda v&nbsp;minul\u00e9m roce obdr\u017eel tv\u016fr\u010d\u00ed granty \u010di&nbsp;byl \u00fasp\u011b\u0161n\u00fdm \u017eadatelem v&nbsp;programech ve\u0159ejn\u00fdch instituc\u00ed (nap\u0159.&nbsp;COVID \u2013 Kultura MK \u010cR).<\/li>\n<li>Svou aktu\u00e1ln\u00ed \u017eivotn\u00ed situaci pros\u00edm vypl\u0148ujte do p\u0159edp\u0159ipraven\u00e9ho dokumentu a&nbsp;uve\u010fte i&nbsp;sv\u00e9 inici\u00e1ly a&nbsp;kontakt na V\u00e1s \u2013 dokument ke sta\u017een\u00ed na lucartfund.cz, \u201e<a href=\"https:\/\/lucartfund.cz\/wp-content\/uploads\/2021\/01\/Socialni-stipendium-2021-Zadost.docx\" target=\"_blank\" rel=\"noopener\">\u017d\u00e1dost \u2013 aktu\u00e1ln\u00ed \u017eivotn\u00ed situace<\/a>\u201c.<\/li>\n<li>\u010cestn\u00e9 prohl\u00e1\u0161en\u00ed (potvrzen\u00ed, \u017ee v\u0161echny zm\u00edn\u011bn\u00e9 finan\u010dn\u00ed a&nbsp;osobn\u00ed \u00fadaje jsou pravdiv\u00e9).<\/li>\n<li>\u010cestn\u00e9 prohl\u00e1\u0161en\u00ed najdete jako p\u0159\u00edlohu <a href=\"https:\/\/lucartfund.cz\/wp-content\/uploads\/2021\/01\/Socialni-stipendium-2021-Cestne-prohlaseni.docx\" target=\"_blank\" rel=\"noopener\">ZDE<\/a>, sta\u010d\u00ed do n\u011bj doplnit \u00fadaje, vytisknout a&nbsp;podepsat.<\/li>\n<\/ul>\n<p><strong>O podpo\u0159e bude rozhodovat<\/strong> t\u0159\u00ed\u010dlenn\u00e1 komise slo\u017een\u00e1 z&nbsp;jednoho \u010dlena nada\u010dn\u00edho fondu Luc Art Fund a&nbsp;dvou odborn\u00edk\u016f.<\/p>\n<h3><strong>Term\u00edn vyhl\u00e1\u0161en\u00ed soci\u00e1ln\u00edch stipendi\u00ed<\/strong><\/h3>\n<p>\u00dasp\u011b\u0161n\u00ed \u017eadatel\u00e9\/\u017eadatelky budou o&nbsp;v\u00fdsledc\u00edch informov\u00e1n\u00ed na jimi zvolen\u00e9m emailu<strong> na konci b\u0159ezna 2021.<\/strong><\/p>\n<h3><strong>Vyplacen\u00ed stipendia<\/strong><\/h3>\n<p>Stipendium bude vyplaceno na z\u00e1klad\u011b darovac\u00ed smlouvy a&nbsp;zasl\u00e1no na \u017eadatelem\/\u017eadatelkou zvolen\u00fd bankovn\u00ed \u00fa\u010det, a&nbsp;to nejpozd\u011bji do 14&nbsp;dn\u016f od vyhl\u00e1\u0161en\u00ed.<\/p>\n<h3><strong>Dolo\u017een\u00ed vyu\u017eit\u00ed stipendia<\/strong><\/h3>\n<p>Bezprost\u0159edn\u011b po&nbsp;3&nbsp;m\u011bs\u00edc\u00edch od obdr\u017een\u00ed stipendia \u017eadatel za\u0161le zpr\u00e1vu o&nbsp;vyu\u017eit\u00ed prost\u0159edk\u016f a&nbsp;jak mu\/j\u00ed finan\u010dn\u00ed obnos v&nbsp;jeho\/jej\u00edm \u017eivot\u011b pomohl.<\/p>\n<p>Nevy\u017eadujeme \u00fa\u010dtenky a&nbsp;faktury.<\/p>\n<p>M\u016f\u017eete n\u00e1m poslat popis ve form\u00e1tu Word, fotokol\u00e1\u017ee nebo lze poslat cokoliv, co vypov\u00ed o&nbsp;vyu\u017eit\u00ed prost\u0159edk\u016f. A&nbsp;to op\u011bt na email <a href=\"mailto:jana.bukvova@lucartfund.cz\">jana.bukvova@lucartfund.cz<\/a>.<\/p>\n<p>S dolo\u017een\u00edm se V\u00e1m je\u0161t\u011b p\u0159ipomeneme a&nbsp;v\u010das V\u00e1s upozorn\u00edme.<\/p>\n<h3><strong>Kontakt a&nbsp;term\u00edn<\/strong><\/h3>\n<p>Sv\u00e9 \u017e\u00e1dosti za\u0161lete Jan\u011b Bukvov\u00e9 na&nbsp;<a href=\"mailto:jana.bukvova@lucartfund.cz\">jana.bukvova@lucartfund.cz<\/a>&nbsp;do 28.&nbsp;\u00fanora&nbsp;2021.<\/p>\n<p>V p\u0159\u00edpad\u011b jak\u00fdchkoliv dopl\u0148uj\u00edc\u00edch dotaz\u016f se na n\u00e1s pros\u00edm nev\u00e1hejte obr\u00e1tit na&nbsp;<a href=\"mailto:jana.bukvova@lucartfund.cz\">jana.bukvova@lucartfund.cz<\/a>.<\/p>\n<p>Budeme r\u00e1di za sd\u00edlen\u00ed ud\u00e1losti na Facebooku <a href=\"https:\/\/fb.me\/e\/3z25Mwy8X\">https:\/\/fb.me\/e\/3z25Mwy8X<\/a><\/p>\n<p>V\u00edce informac\u00ed najdete na <a href=\"https:\/\/lucartfund.cz\/\">https:\/\/lucartfund.cz\/<\/a><\/p>\n<h2>Dokumenty ke sta\u017een\u00ed<\/h2>\n<div class=\"odkazy-social\">\n<p><a href=\"https:\/\/lucartfund.cz\/wp-content\/uploads\/2021\/01\/Socialni-stipendium-2021-Zadost.docx\" target=\"_blank\" rel=\"noopener\">\u017d\u00e1dost<\/a><a href=\"https:\/\/lucartfund.cz\/wp-content\/uploads\/2021\/01\/Socialni-stipendium-2021-Cestne-prohlaseni.docx\" target=\"_blank\" rel=\"noopener\">\u010cestn\u00e9 prohl\u00e1\u0161en\u00ed<\/a><\/p>\n<\/div>\n<div class=\"odkazy-social\">&nbsp;<\/div>\n<div class=\"odkazy-social\">&nbsp;<\/div>\n","protected":false},"excerpt":{"rendered":"<p>P\u0159id\u011blen\u00ed soci\u00e1ln\u00edch stipendi\u00edch nada\u010dn\u00edho fondu Luc Art Fund V&nbsp;p\u00e1tek 26.&nbsp;b\u0159ezna bylo rozhodnuto o&nbsp;p\u0159id\u011blen\u00ed soci\u00e1ln\u00edch stipendi\u00edch nada\u010dn\u00edho fondu Luc Art Fund. V\u00fdt\u011b\u017eek z&nbsp;prosincov\u00e9 dobro\u010dinn\u00e9 aukce Um\u011blci um\u011blc\u016fm, kter\u00fd p\u0159es\u00e1hl \u010d\u00e1stku 400 tis\u00edc korun, byl rozd\u011blen do \u0161esti stipendi\u00ed o&nbsp;v\u00fd\u0161i 65 tis\u00edc korun.Odborn\u00e1 komise zastoupen\u00e1 Janou Bukvovou (zakladatelkou nada\u010dn\u00edho fondu), Gabrielou B\u00f6hmovou (osobn\u00ed kou\u010dkou a&nbsp;lektorkou) a&nbsp;Ji\u0159\u00edm&#8230; <a class=\"view-article\" href=\"https:\/\/lucartfund.cz\/en\/granty\/\">View Article<\/a><\/p>\n","protected":false},"author":1,"featured_media":0,"parent":0,"menu_order":0,"comment_status":"closed","ping_status":"closed","template":"","meta":{"footnotes":""},"class_list":["post-29","page","type-page","status-publish","hentry","wpautop"],"yoast_head":"<!-- This site is optimized with the Yoast SEO plugin v15.6.2 - https:\/\/yoast.com\/wordpress\/plugins\/seo\/ -->\n<title>Grants | Luc Art Fund<\/title>\n<meta name=\"description\" content=\"Soci\u00e1ln\u00ed stipendium m\u016f\u017ee \u017eadatel\/ka pou\u017e\u00edt na pokryt\u00ed z\u00e1kladn\u00edch \u017eivotn\u00edch pot\u0159eb, d\u00e1le na vlastn\u00ed tv\u016fr\u010d\u00ed \u010dinnost a s n\u00ed spojen\u00e9 n\u00e1klady.\" \/>\n<meta name=\"robots\" content=\"index, follow, max-snippet:-1, max-image-preview:large, max-video-preview:-1\" \/>\n<link rel=\"canonical\" href=\"https:\/\/lucartfund.cz\/granty\/\" \/>\n<meta property=\"og:locale\" content=\"en_US\" \/>\n<meta property=\"og:type\" content=\"article\" \/>\n<meta property=\"og:title\" content=\"[:cs]Granty[:en]Grants[:] | Luc Art Fund\" \/>\n<meta property=\"og:description\" content=\"Soci\u00e1ln\u00ed stipendium m\u016f\u017ee \u017eadatel\/ka pou\u017e\u00edt na pokryt\u00ed z\u00e1kladn\u00edch \u017eivotn\u00edch pot\u0159eb, d\u00e1le na vlastn\u00ed tv\u016fr\u010d\u00ed \u010dinnost a s n\u00ed spojen\u00e9 n\u00e1klady.\" \/>\n<meta property=\"og:url\" content=\"https:\/\/lucartfund.cz\/granty\/\" \/>\n<meta property=\"og:site_name\" content=\"Luc Art Fund\" \/>\n<meta property=\"article:publisher\" content=\"https:\/\/www.facebook.com\/lucartfund\/\" \/>\n<meta property=\"article:modified_time\" content=\"2021-11-08T12:14:30+00:00\" \/>\n<meta property=\"og:image\" content=\"https:\/\/lucartfund.cz\/wp-content\/uploads\/2021\/01\/logo.png\" \/>\n\t<meta property=\"og:image:width\" content=\"1024\" \/>\n\t<meta property=\"og:image:height\" content=\"162\" \/>\n<meta name=\"twitter:card\" content=\"summary_large_image\" \/>\n<script type=\"application\/ld+json\" class=\"yoast-schema-graph\">{\"@context\":\"https:\/\/schema.org\",\"@graph\":[{\"@type\":\"Organization\",\"@id\":\"https:\/\/lucartfund.cz\/cs\/#organization\",\"name\":\"Luc Art Fund\",\"url\":\"https:\/\/lucartfund.cz\/cs\/\",\"sameAs\":[\"https:\/\/www.facebook.com\/lucartfund\/\",\"https:\/\/www.instagram.com\/luc_art_fund\/\"],\"logo\":{\"@type\":\"ImageObject\",\"@id\":\"https:\/\/lucartfund.cz\/cs\/#logo\",\"inLanguage\":\"en-US\",\"url\":\"https:\/\/lucartfund.cz\/wp-content\/uploads\/2021\/01\/logo.png\",\"width\":1024,\"height\":162,\"caption\":\"Luc Art Fund\"},\"image\":{\"@id\":\"https:\/\/lucartfund.cz\/cs\/#logo\"}},{\"@type\":\"WebSite\",\"@id\":\"https:\/\/lucartfund.cz\/cs\/#website\",\"url\":\"https:\/\/lucartfund.cz\/cs\/\",\"name\":\"Luc Art Fund\",\"description\":\"Luc Art Fund wants to strengthen the international presence of visual artists from the Czech Republic and develop the contemporary art scene.\",\"publisher\":{\"@id\":\"https:\/\/lucartfund.cz\/cs\/#organization\"},\"potentialAction\":[{\"@type\":\"SearchAction\",\"target\":\"https:\/\/lucartfund.cz\/cs\/?s={search_term_string}\",\"query-input\":\"required name=search_term_string\"}],\"inLanguage\":\"en-US\"},{\"@type\":\"WebPage\",\"@id\":\"https:\/\/lucartfund.cz\/granty\/#webpage\",\"url\":\"https:\/\/lucartfund.cz\/granty\/\",\"name\":\"[:cs]Granty[:en]Grants[:] | Luc Art Fund\",\"isPartOf\":{\"@id\":\"https:\/\/lucartfund.cz\/cs\/#website\"},\"datePublished\":\"2021-01-13T18:09:23+00:00\",\"dateModified\":\"2021-11-08T12:14:30+00:00\",\"description\":\"Soci\\u00e1ln\\u00ed stipendium m\\u016f\\u017ee \\u017eadatel\/ka pou\\u017e\\u00edt na pokryt\\u00ed z\\u00e1kladn\\u00edch \\u017eivotn\\u00edch pot\\u0159eb, d\\u00e1le na vlastn\\u00ed tv\\u016fr\\u010d\\u00ed \\u010dinnost a s n\\u00ed spojen\\u00e9 n\\u00e1klady.\",\"inLanguage\":\"en-US\",\"potentialAction\":[{\"@type\":\"ReadAction\",\"target\":[\"https:\/\/lucartfund.cz\/granty\/\"]}]}]}<\/script>\n<!-- \/ Yoast SEO plugin. -->","_links":{"self":[{"href":"https:\/\/lucartfund.cz\/en\/wp-json\/wp\/v2\/pages\/29","targetHints":{"allow":["GET"]}}],"collection":[{"href":"https:\/\/lucartfund.cz\/en\/wp-json\/wp\/v2\/pages"}],"about":[{"href":"https:\/\/lucartfund.cz\/en\/wp-json\/wp\/v2\/types\/page"}],"author":[{"embeddable":true,"href":"https:\/\/lucartfund.cz\/en\/wp-json\/wp\/v2\/users\/1"}],"replies":[{"embeddable":true,"href":"https:\/\/lucartfund.cz\/en\/wp-json\/wp\/v2\/comments?post=29"}],"version-history":[{"count":17,"href":"https:\/\/lucartfund.cz\/en\/wp-json\/wp\/v2\/pages\/29\/revisions"}],"predecessor-version":[{"id":127,"href":"https:\/\/lucartfund.cz\/en\/wp-json\/wp\/v2\/pages\/29\/revisions\/127"}],"wp:attachment":[{"href":"https:\/\/lucartfund.cz\/en\/wp-json\/wp\/v2\/media?parent=29"}],"curies":[{"name":"wp","href":"https:\/\/api.w.org\/{rel}","templated":true}]}}