{"id":62,"date":"2021-07-06T11:46:00","date_gmt":"2021-07-06T09:46:00","guid":{"rendered":"https:\/\/lucartfund.cz\/?page_id=62"},"modified":"2021-11-08T13:10:46","modified_gmt":"2021-11-08T12:10:46","slug":"o-fondu","status":"publish","type":"page","link":"https:\/\/lucartfund.cz\/cs\/o-fondu\/","title":{"rendered":"O fondu"},"content":{"rendered":"<h2>O fondu<\/h2>\r\n<p>Na\u0161e neziskov\u00e1 organizace se zam\u011b\u0159uje na pos\u00edlen\u00ed mezin\u00e1rodn\u00ed prezence v\u00fdtvarn\u00fdch um\u011blc\u016f a&nbsp;um\u011blky\u0148 z&nbsp;\u010cesk\u00e9 republiky a&nbsp;na rozvoj sc\u00e9ny sou\u010dasn\u00e9ho um\u011bn\u00ed. Jej\u00ed prim\u00e1rn\u00ed ambic\u00ed je vytvo\u0159en\u00ed prvn\u00edho mezin\u00e1rodn\u00edho a&nbsp;nez\u00e1visl\u00e9ho nada\u010dn\u00edho fondu, kter\u00fd podporuje nejaktu\u00e1ln\u011bj\u0161\u00ed trendy v&nbsp;oblasti sou\u010dasn\u00e9ho um\u011bn\u00ed a&nbsp;p\u0159edstavitele kreativn\u00ed infrastruktury. Jeho aktivity se rozprost\u00edraj\u00ed od v\u00fdb\u011brov\u00fdch \u0159\u00edzen\u00ed na podporu v\u00fdznamn\u00fdch v\u00fdstavn\u00edch projekt\u016f p\u0159es profesn\u00ed rozvoj um\u011blc\u016f a&nbsp;teoretik\u016f a&nbsp;produkci nov\u00fdch um\u011bleck\u00fdch d\u011bl a\u017e po&nbsp;institucion\u00e1ln\u00ed sb\u011bratelstv\u00ed a&nbsp;edukaci. Nada\u010dn\u00ed fond tak\u00e9 vytv\u00e1\u0159\u00ed strategick\u00e1 mezin\u00e1rodn\u00ed partnerstv\u00ed a&nbsp;podporuje vznik a&nbsp;realizaci um\u011bleck\u00fdch projekt\u016f v&nbsp;p\u0159edn\u00edch sv\u011btov\u00fdch muzejn\u00edch instituc\u00edch a&nbsp;v&nbsp;r\u00e1mci glob\u00e1ln\u011b v\u00fdznamn\u00fdch v\u00fdstavn\u00edch platforem.<\/p>\r\n\r\n<p>Viz\u00ed nada\u010dn\u00edho fondu je st\u00e1t se mecen\u00e1\u0161em \u017eij\u00edc\u00edch v\u00fdtvarn\u00fdch um\u011blc\u016f a&nbsp;um\u011blky\u0148, pe\u010dovat o&nbsp;jejich tvorbu, podporovat a&nbsp;iniciovat v\u00fdstavn\u00ed aktivity. Na\u0161e kulturn\u00ed spole\u010dnost m\u011bla historicky skv\u011blou tradici, kdy se um\u011blci a&nbsp;teoretici organizovali a&nbsp;vytvo\u0159ili \u017eiv\u00e9 a&nbsp;plodn\u00e9 prost\u0159ed\u00ed evropsk\u00e9ho v\u00fdznamu. Nada\u010dn\u00ed \u010dinnost\u00ed navazujeme na hodnoty, kter\u00e9 sahaj\u00ed k&nbsp;p\u0159elomu minul\u00e9ho stolet\u00ed a&nbsp;aktivit\u00e1m SVU&nbsp;M\u00e1nes, a&nbsp;tento odkaz chceme zprost\u0159edkov\u00e1vat \u010desk\u00e9 ve\u0159ejnosti a&nbsp;intenzivn\u011b jej po&nbsp;mnoha desetilet\u00edch \u00fatlumu op\u011bt rozv\u00edjet.<\/p>\r\n\r\n<p>Prim\u00e1rn\u00edm d\u016fvodem zalo\u017een\u00ed nada\u010dn\u00edho fondu je skute\u010dnost, \u017ee v&nbsp;\u010desk\u00e9m prost\u0159ed\u00ed st\u00e1le nedo\u0161lo k&nbsp;definici statusu um\u011blce a&nbsp;jeho \u017eivotn\u00ed reality. Chyb\u00ed zde funk\u010dn\u00ed instituce a&nbsp;infrastruktura v&nbsp;oblasti sou\u010dasn\u00e9ho um\u011bn\u00ed, kter\u00e9 by se kontinu\u00e1ln\u011b v\u011bnovaly podpo\u0159e t\u011bchto lid\u00ed v&nbsp;tv\u016fr\u010d\u00edm procesu a&nbsp;internacionalizaci jejich pr\u00e1ce. Prost\u0159ed\u00ed, v&nbsp;kter\u00e9m um\u011bn\u00ed vznik\u00e1, se prom\u011b\u0148uje. Ve sv\u011btle ned\u00e1vn\u00e9 \u201ekrize\u201c se v\u00fdznamn\u011b ukazuje, \u017ee nast\u00e1v\u00e1 \u010das a&nbsp;p\u0159\u00edle\u017eitost pro radik\u00e1ln\u00ed revizi soci\u00e1ln\u00ed role um\u011bn\u00ed a&nbsp;um\u011bleck\u00fdch instituc\u00ed. Perspektiva nada\u010dn\u00ed \u010dinnosti se proto zam\u011b\u0159uje na t\u0159i hlavn\u00ed oblasti: podporu um\u011blc\u016f a&nbsp;um\u011blky\u0148, produkci um\u011bleck\u00fdch d\u011bl a&nbsp;zprost\u0159edkov\u00e1n\u00ed a&nbsp;podporu internacionalizace um\u011bleck\u00e9 tvorby.<\/p>\r\n\r\n<p>Esenci\u00e1ln\u00ed podm\u00ednkou \u00fasp\u011b\u0161n\u00e9 \u010dinnosti nada\u010dn\u00edho fondu a&nbsp;napl\u0148ov\u00e1n\u00ed jeho c\u00edl\u016f p\u0159edev\u0161\u00edm v&nbsp;oblasti internacionalizace tvorby \u010desk\u00fdch um\u011blc\u016f a&nbsp;um\u011blky\u0148 je odborn\u00e9 za\u0161t\u00edt\u011bn\u00ed a&nbsp;konzultace s&nbsp;p\u0159edn\u00edmi mezin\u00e1rodn\u00edmi profesion\u00e1ly, kte\u0159\u00ed nejen schvaluj\u00ed podporovan\u00e9 projekty, ale funguj\u00ed v&nbsp;roli zprost\u0159edkovatel\u016f nada\u010dn\u00ed \u010dinnosti a&nbsp;vstupuj\u00ed do inicia\u010dn\u00edch jedn\u00e1n\u00ed s&nbsp;muzejn\u00edmi a&nbsp;galerijn\u00edmi institucemi.<\/p>\r\n\r\n<p>Luc Art Fund zalo\u017eily histori\u010dka um\u011bn\u00ed a&nbsp;galeristka Lucie Drdov\u00e1 a&nbsp;specialistka v&nbsp;oblasti fundraisingu Jana Bukvov\u00e1 v&nbsp;roce 2020.<\/p>\r\n\r\n<h2>Lid\u00e9 v&nbsp;Luc Art Fund<\/h2>\r\n<h3>Lucie Drdov\u00e1<\/h3>\r\n<h4>p\u0159edsedkyn\u011b spr\u00e1vn\u00ed rady<\/h4>\r\n<img decoding=\"async\" alt=\"Lucie Drdov\u00e1\" src=\"\/wp-content\/uploads\/2021\/07\/lucie-fin2.jpg\">\r\n<p>Lucie je histori\u010dka um\u011bn\u00ed a&nbsp;galeristka. Ve sv\u00e9 odborn\u00e9 \u010dinnosti propojuje akademick\u00e9 znalosti a&nbsp;profesion\u00e1ln\u00ed zku\u0161enosti z&nbsp;evropsk\u00fdch v\u00fdstavn\u00edch instituc\u00ed. V&nbsp;roce 2012 zalo\u017eila priv\u00e1tn\u00ed galerii se zam\u011b\u0159en\u00edm na sou\u010dasn\u00e9 um\u011bn\u00ed s&nbsp;p\u016fsobnost\u00ed v&nbsp;Praze a&nbsp;Bruselu. Lucie pravideln\u011b publikuje a&nbsp;p\u0159edn\u00e1\u0161\u00ed o&nbsp;sou\u010dasn\u00e9m um\u011bn\u00ed a&nbsp;um\u011blc\u00edch, sb\u011bratelstv\u00ed a&nbsp;situaci na trhu. Ve spolupr\u00e1ci s&nbsp;dal\u0161\u00edmi subjekty v&nbsp;oblasti sou\u010dasn\u00e9ho v\u00fdtvarn\u00e9ho um\u011bn\u00ed se sna\u017e\u00ed o&nbsp;kultivaci spole\u010dn\u00e9ho prostoru a&nbsp;iniciuje projekty, kter\u00e9 maj\u00ed p\u0159iv\u00e9st pozornost k&nbsp;\u010desk\u00fdm um\u011blc\u016fm v&nbsp;mezin\u00e1rodn\u00edm kontextu. Je zakladatelkou Luc Art Fund.<\/p>\r\n\r\n<h3>Jana Bukvov\u00e1<\/h3>\r\n<h4>m\u00edstop\u0159edsedkyn\u011b spr\u00e1vn\u00ed rady<\/h4>\r\n<img decoding=\"async\" alt=\"Jana Bukvov\u00e1\" src=\"\/wp-content\/uploads\/2021\/07\/jana-fin2a.jpg\">\r\n<p>P\u0159es 15 let se v\u011bnuje fundraisingu a&nbsp;p\u00e9\u010di o&nbsp;d\u00e1rce. Jana m\u00e1 zku\u0161enosti z&nbsp;mal\u00e9 dobrovoln\u00e9 organizace, m\u00e1 za sebou po\u0159\u00e1d\u00e1n\u00ed dobro\u010dinn\u00fdch ples\u016f, aukc\u00ed, peer to peer v\u00fdzev a&nbsp;spolupr\u00e1ci s&nbsp;lok\u00e1ln\u00edmi d\u00e1rci. Zku\u0161enosti s&nbsp;velk\u00fdmi individu\u00e1ln\u00edmi d\u00e1rci z\u00edsk\u00e1vala v&nbsp;Nadaci Via. Na rok si odsko\u010dila do hudebn\u00ed produkce, aby se pak vr\u00e1tila k&nbsp;z\u00e1klad\u016fm fundraisingu do Vzd\u011bl\u00e1vac\u00edho centra Tereza, kde se tak\u00e9 v\u011bnovala marketingu. Je zakladatelkou nada\u010dn\u00edho fondu Luc Art Fund, v&nbsp;sou\u010dasnosti je na mate\u0159sk\u00e9 dovolen\u00e9.<\/p>\r\n\r\n<h3>Iva Javorsk\u00e1<\/h3>\r\n<h4>\u010dlenka spr\u00e1vn\u00ed rady<\/h4>\r\n\r\n<p>Iva Javorsk\u00e1 je advok\u00e1tkou s&nbsp;bezm\u00e1la 20 lety praxe v&nbsp;oblasti obchodn\u00edch transakc\u00ed a&nbsp;du\u0161evn\u00edho vlastnictv\u00ed. Vystudovala pr\u00e1vnickou fakultu Univerzity Karlovy v&nbsp;Praze a&nbsp;postgradu\u00e1ln\u00ed program francouzsk\u00e9ho a&nbsp;evropsk\u00e9ho pr\u00e1va na Universit\u00e9 Paris 1 \u2013 Panth\u00e9on-Sorbonne v&nbsp;Pa\u0159\u00ed\u017ei. V&nbsp;posledn\u00edch letech Iva z\u00faro\u010duje sv\u00e9 zku\u0161enosti ve vyjedn\u00e1v\u00e1n\u00ed smluv a&nbsp;\u0159e\u0161en\u00ed spor\u016f v&nbsp;ot\u00e1zk\u00e1ch autorsk\u00fdch pr\u00e1v um\u011blc\u016f a&nbsp;rad\u00ed komer\u010dn\u00edm subjekt\u016fm p\u016fsob\u00edc\u00edm v&nbsp;prost\u0159ed\u00ed v\u00fdtvarn\u00e9ho um\u011bn\u00ed. Pr\u00e1vo v&nbsp;um\u011bn\u00ed p\u0159edn\u00e1\u0161\u00ed na UMPRUM. Spolupracuje s&nbsp;neziskovou organizaci Fair Art, kter\u00e1 zp\u0159\u00edstup\u0148uje sou\u010dasn\u00e9 v\u00fdtvarn\u00e9 sc\u00e9n\u011b pr\u00e1vn\u00ed pomoc souvisej\u00edc\u00ed s&nbsp;um\u011bleckou tvorbou.<\/p>","protected":false},"excerpt":{"rendered":"O fondu Na\u0161e neziskov\u00e1 organizace se zam\u011b\u0159uje na pos\u00edlen\u00ed mezin\u00e1rodn\u00ed prezence v\u00fdtvarn\u00fdch um\u011blc\u016f a&nbsp;um\u011blky\u0148 z&nbsp;\u010cesk\u00e9 republiky a&nbsp;na rozvoj sc\u00e9ny sou\u010dasn\u00e9ho um\u011bn\u00ed. Jej\u00ed prim\u00e1rn\u00ed ambic\u00ed je vytvo\u0159en\u00ed prvn\u00edho mezin\u00e1rodn\u00edho a&nbsp;nez\u00e1visl\u00e9ho nada\u010dn\u00edho fondu, kter\u00fd podporuje nejaktu\u00e1ln\u011bj\u0161\u00ed trendy v&nbsp;oblasti sou\u010dasn\u00e9ho um\u011bn\u00ed a&nbsp;p\u0159edstavitele kreativn\u00ed infrastruktury. Jeho aktivity se rozprost\u00edraj\u00ed od v\u00fdb\u011brov\u00fdch \u0159\u00edzen\u00ed na podporu v\u00fdznamn\u00fdch v\u00fdstavn\u00edch projekt\u016f p\u0159es profesn\u00ed&#8230; <a class=\"view-article\" href=\"https:\/\/lucartfund.cz\/cs\/o-fondu\/\">View Article<\/a>","protected":false},"author":1,"featured_media":0,"parent":0,"menu_order":0,"comment_status":"closed","ping_status":"closed","template":"template-homepage.php","meta":{"footnotes":""},"class_list":["post-62","page","type-page","status-publish","hentry","no-wpautop"],"yoast_head":"<!-- This site is optimized with the Yoast SEO plugin v15.6.2 - https:\/\/yoast.com\/wordpress\/plugins\/seo\/ -->\n<title>Luc Art Fund - Nada\u010dn\u00ed fond podporuj\u00edc\u00ed sou\u010dasn\u00e9 um\u011blce a um\u011blkyn\u011b<\/title>\n<meta name=\"description\" content=\"Neziskov\u00e1 organizace Luc Art Fund se zam\u011b\u0159uje na pos\u00edlen\u00ed mezin\u00e1rodn\u00ed prezence v\u00fdtvarn\u00fdch um\u011blc\u016f a um\u011blky\u0148 z \u010cesk\u00e9 republiky.\" \/>\n<meta name=\"robots\" content=\"index, follow, max-snippet:-1, max-image-preview:large, max-video-preview:-1\" \/>\n<link rel=\"canonical\" href=\"https:\/\/lucartfund.cz\/o-fondu\/\" \/>\n<meta property=\"og:locale\" content=\"cs_CZ\" \/>\n<meta property=\"og:type\" content=\"article\" \/>\n<meta property=\"og:title\" content=\"Luc Art Fund - Nada\u010dn\u00ed fond podporuj\u00edc\u00ed sou\u010dasn\u00e9 um\u011blce a um\u011blkyn\u011b\" \/>\n<meta property=\"og:description\" content=\"Neziskov\u00e1 organizace Luc Art Fund se zam\u011b\u0159uje na pos\u00edlen\u00ed mezin\u00e1rodn\u00ed prezence v\u00fdtvarn\u00fdch um\u011blc\u016f a um\u011blky\u0148 z \u010cesk\u00e9 republiky.\" \/>\n<meta property=\"og:url\" content=\"https:\/\/lucartfund.cz\/o-fondu\/\" \/>\n<meta property=\"og:site_name\" content=\"Luc Art Fund\" \/>\n<meta property=\"article:publisher\" content=\"https:\/\/www.facebook.com\/lucartfund\/\" \/>\n<meta property=\"article:modified_time\" content=\"2021-11-08T12:10:46+00:00\" \/>\n<meta property=\"og:image\" content=\"https:\/\/lucartfund.cz\/wp-content\/uploads\/2021\/07\/lucie-fin2.jpg\" \/>\n<meta name=\"twitter:card\" content=\"summary_large_image\" \/>\n<script type=\"application\/ld+json\" class=\"yoast-schema-graph\">{\"@context\":\"https:\/\/schema.org\",\"@graph\":[{\"@type\":\"Organization\",\"@id\":\"https:\/\/lucartfund.cz\/cs\/#organization\",\"name\":\"Luc Art Fund\",\"url\":\"https:\/\/lucartfund.cz\/cs\/\",\"sameAs\":[\"https:\/\/www.facebook.com\/lucartfund\/\",\"https:\/\/www.instagram.com\/luc_art_fund\/\"],\"logo\":{\"@type\":\"ImageObject\",\"@id\":\"https:\/\/lucartfund.cz\/cs\/#logo\",\"inLanguage\":\"cs\",\"url\":\"https:\/\/lucartfund.cz\/wp-content\/uploads\/2021\/01\/logo.png\",\"width\":1024,\"height\":162,\"caption\":\"Luc Art Fund\"},\"image\":{\"@id\":\"https:\/\/lucartfund.cz\/cs\/#logo\"}},{\"@type\":\"WebSite\",\"@id\":\"https:\/\/lucartfund.cz\/cs\/#website\",\"url\":\"https:\/\/lucartfund.cz\/cs\/\",\"name\":\"Luc Art Fund\",\"description\":\"Neziskov\\u00e1 organizace Luc Art Fund se zam\\u011b\\u0159uje na pos\\u00edlen\\u00ed mezin\\u00e1rodn\\u00ed prezence v\\u00fdtvarn\\u00fdch um\\u011blc\\u016f z \\u010cesk\\u00e9 republiky a na rozvoj sc\\u00e9ny sou\\u010dasn\\u00e9ho um\\u011bn\\u00ed.\",\"publisher\":{\"@id\":\"https:\/\/lucartfund.cz\/cs\/#organization\"},\"potentialAction\":[{\"@type\":\"SearchAction\",\"target\":\"https:\/\/lucartfund.cz\/cs\/?s={search_term_string}\",\"query-input\":\"required name=search_term_string\"}],\"inLanguage\":\"cs\"},{\"@type\":\"ImageObject\",\"@id\":\"https:\/\/lucartfund.cz\/o-fondu\/#primaryimage\",\"inLanguage\":\"cs\",\"url\":\"\/wp-content\/uploads\/2021\/07\/lucie-fin2.jpg\"},{\"@type\":\"WebPage\",\"@id\":\"https:\/\/lucartfund.cz\/o-fondu\/#webpage\",\"url\":\"https:\/\/lucartfund.cz\/o-fondu\/\",\"name\":\"Luc Art Fund - Nada\\u010dn\\u00ed fond podporuj\\u00edc\\u00ed sou\\u010dasn\\u00e9 um\\u011blce a um\\u011blkyn\\u011b\",\"isPartOf\":{\"@id\":\"https:\/\/lucartfund.cz\/cs\/#website\"},\"primaryImageOfPage\":{\"@id\":\"https:\/\/lucartfund.cz\/o-fondu\/#primaryimage\"},\"datePublished\":\"2021-07-06T09:46:00+00:00\",\"dateModified\":\"2021-11-08T12:10:46+00:00\",\"description\":\"Neziskov\\u00e1 organizace Luc Art Fund se zam\\u011b\\u0159uje na pos\\u00edlen\\u00ed mezin\\u00e1rodn\\u00ed prezence v\\u00fdtvarn\\u00fdch um\\u011blc\\u016f a um\\u011blky\\u0148 z \\u010cesk\\u00e9 republiky.\",\"inLanguage\":\"cs\",\"potentialAction\":[{\"@type\":\"ReadAction\",\"target\":[\"https:\/\/lucartfund.cz\/o-fondu\/\"]}]}]}<\/script>\n<!-- \/ Yoast SEO plugin. -->","_links":{"self":[{"href":"https:\/\/lucartfund.cz\/cs\/wp-json\/wp\/v2\/pages\/62","targetHints":{"allow":["GET"]}}],"collection":[{"href":"https:\/\/lucartfund.cz\/cs\/wp-json\/wp\/v2\/pages"}],"about":[{"href":"https:\/\/lucartfund.cz\/cs\/wp-json\/wp\/v2\/types\/page"}],"author":[{"embeddable":true,"href":"https:\/\/lucartfund.cz\/cs\/wp-json\/wp\/v2\/users\/1"}],"replies":[{"embeddable":true,"href":"https:\/\/lucartfund.cz\/cs\/wp-json\/wp\/v2\/comments?post=62"}],"version-history":[{"count":10,"href":"https:\/\/lucartfund.cz\/cs\/wp-json\/wp\/v2\/pages\/62\/revisions"}],"predecessor-version":[{"id":124,"href":"https:\/\/lucartfund.cz\/cs\/wp-json\/wp\/v2\/pages\/62\/revisions\/124"}],"wp:attachment":[{"href":"https:\/\/lucartfund.cz\/cs\/wp-json\/wp\/v2\/media?parent=62"}],"curies":[{"name":"wp","href":"https:\/\/api.w.org\/{rel}","templated":true}]}}