{"id":15,"date":"2021-01-13T16:59:49","date_gmt":"2021-01-13T15:59:49","guid":{"rendered":"https:\/\/lucartfund.cz\/?page_id=15"},"modified":"2021-11-08T12:45:18","modified_gmt":"2021-11-08T11:45:18","slug":"luc-art-fund","status":"publish","type":"page","link":"https:\/\/lucartfund.cz\/cs\/","title":{"rendered":"Luc Art Fund"},"content":{"rendered":"<h2>Nada\u010dn\u00ed fond podporuj\u00edc\u00ed sou\u010dasn\u00e9 um\u011blce a&nbsp;um\u011blkyn\u011b a&nbsp;jejich tvorbu<\/h2>\r\n<img loading=\"lazy\" decoding=\"async\" width=\"1920\" height=\"1280\" class=\"homepage-image aligncenter wp-image-116 size-full\" src=\"https:\/\/lucartfund.cz\/wp-content\/uploads\/2021\/11\/foto-homepage.jpg\" alt=\"\" srcset=\"https:\/\/lucartfund.cz\/wp-content\/uploads\/2021\/11\/foto-homepage.jpg 1920w, https:\/\/lucartfund.cz\/wp-content\/uploads\/2021\/11\/foto-homepage-250x167.jpg 250w, https:\/\/lucartfund.cz\/wp-content\/uploads\/2021\/11\/foto-homepage-700x467.jpg 700w, https:\/\/lucartfund.cz\/wp-content\/uploads\/2021\/11\/foto-homepage-768x512.jpg 768w, https:\/\/lucartfund.cz\/wp-content\/uploads\/2021\/11\/foto-homepage-1536x1024.jpg 1536w, https:\/\/lucartfund.cz\/wp-content\/uploads\/2021\/11\/foto-homepage-120x80.jpg 120w\" sizes=\"auto, (max-width: 1920px) 100vw, 1920px\" \/>\r\n\r\n<p>Na\u0161e neziskov\u00e1 organizace se zam\u011b\u0159uje na pos\u00edlen\u00ed mezin\u00e1rodn\u00ed prezence v\u00fdtvarn\u00fdch um\u011blc\u016f a&nbsp;um\u011blky\u0148 z&nbsp;\u010cesk\u00e9 republiky a&nbsp;na rozvoj sc\u00e9ny sou\u010dasn\u00e9ho um\u011bn\u00ed. Viz\u00ed nada\u010dn\u00edho fondu je st\u00e1t se mecen\u00e1\u0161em \u017eij\u00edc\u00edch v\u00fdtvarn\u00fdch um\u011blc\u016f a&nbsp;um\u011blky\u0148, pe\u010dovat o&nbsp;jejich tvorbu, podporovat a&nbsp;iniciovat v\u00fdstavn\u00ed aktivity.<\/p>\r\n<div class=\"odkazy-social\"><a href=\"https:\/\/www.facebook.com\/lucartfund\/\" target=\"_blank\" rel=\"noopener\">Facebook<\/a>\r\n<a href=\"https:\/\/www.instagram.com\/luc_art_fund\/\" target=\"_blank\" rel=\"noopener\">Instagram<\/a><\/div>","protected":false},"excerpt":{"rendered":"Nada\u010dn\u00ed fond podporuj\u00edc\u00ed sou\u010dasn\u00e9 um\u011blce a&nbsp;um\u011blkyn\u011b a&nbsp;jejich tvorbu Na\u0161e neziskov\u00e1 organizace se zam\u011b\u0159uje na pos\u00edlen\u00ed mezin\u00e1rodn\u00ed prezence v\u00fdtvarn\u00fdch um\u011blc\u016f a&nbsp;um\u011blky\u0148 z&nbsp;\u010cesk\u00e9 republiky a&nbsp;na rozvoj sc\u00e9ny sou\u010dasn\u00e9ho um\u011bn\u00ed. Viz\u00ed nada\u010dn\u00edho fondu je st\u00e1t se mecen\u00e1\u0161em \u017eij\u00edc\u00edch v\u00fdtvarn\u00fdch um\u011blc\u016f a&nbsp;um\u011blky\u0148, pe\u010dovat o&nbsp;jejich tvorbu, podporovat a&nbsp;iniciovat v\u00fdstavn\u00ed aktivity. Facebook Instagram","protected":false},"author":1,"featured_media":0,"parent":0,"menu_order":0,"comment_status":"closed","ping_status":"closed","template":"template-homepage.php","meta":{"footnotes":""},"class_list":["post-15","page","type-page","status-publish","hentry","no-wpautop"],"yoast_head":"<!-- This site is optimized with the Yoast SEO plugin v15.6.2 - https:\/\/yoast.com\/wordpress\/plugins\/seo\/ -->\n<title>Luc Art Fund - Nada\u010dn\u00ed fond podporuj\u00edc\u00ed sou\u010dasn\u00e9 um\u011blce a um\u011blkyn\u011b<\/title>\n<meta name=\"description\" content=\"Neziskov\u00e1 organizace Luc Art Fund se zam\u011b\u0159uje na pos\u00edlen\u00ed mezin\u00e1rodn\u00ed prezence v\u00fdtvarn\u00fdch um\u011blc\u016f a um\u011blky\u0148 z \u010cesk\u00e9 republiky.\" \/>\n<meta name=\"robots\" content=\"index, follow, max-snippet:-1, max-image-preview:large, max-video-preview:-1\" \/>\n<link rel=\"canonical\" href=\"https:\/\/lucartfund.cz\/\" \/>\n<meta property=\"og:locale\" content=\"cs_CZ\" \/>\n<meta property=\"og:type\" content=\"article\" \/>\n<meta property=\"og:title\" content=\"Luc Art Fund - Nada\u010dn\u00ed fond podporuj\u00edc\u00ed sou\u010dasn\u00e9 um\u011blce a um\u011blkyn\u011b\" \/>\n<meta property=\"og:description\" content=\"Neziskov\u00e1 organizace Luc Art Fund se zam\u011b\u0159uje na pos\u00edlen\u00ed mezin\u00e1rodn\u00ed prezence v\u00fdtvarn\u00fdch um\u011blc\u016f a um\u011blky\u0148 z \u010cesk\u00e9 republiky.\" \/>\n<meta property=\"og:url\" content=\"https:\/\/lucartfund.cz\/\" \/>\n<meta property=\"og:site_name\" content=\"Luc Art Fund\" \/>\n<meta property=\"article:publisher\" content=\"https:\/\/www.facebook.com\/lucartfund\/\" \/>\n<meta property=\"article:modified_time\" content=\"2021-11-08T11:45:18+00:00\" \/>\n<meta property=\"og:image\" content=\"https:\/\/lucartfund.cz\/wp-content\/uploads\/2021\/11\/foto-homepage.jpg\" \/>\n<meta name=\"twitter:card\" content=\"summary_large_image\" \/>\n<script type=\"application\/ld+json\" class=\"yoast-schema-graph\">{\"@context\":\"https:\/\/schema.org\",\"@graph\":[{\"@type\":\"Organization\",\"@id\":\"https:\/\/lucartfund.cz\/cs\/#organization\",\"name\":\"Luc Art Fund\",\"url\":\"https:\/\/lucartfund.cz\/cs\/\",\"sameAs\":[\"https:\/\/www.facebook.com\/lucartfund\/\",\"https:\/\/www.instagram.com\/luc_art_fund\/\"],\"logo\":{\"@type\":\"ImageObject\",\"@id\":\"https:\/\/lucartfund.cz\/cs\/#logo\",\"inLanguage\":\"cs\",\"url\":\"https:\/\/lucartfund.cz\/wp-content\/uploads\/2021\/01\/logo.png\",\"width\":1024,\"height\":162,\"caption\":\"Luc Art Fund\"},\"image\":{\"@id\":\"https:\/\/lucartfund.cz\/cs\/#logo\"}},{\"@type\":\"WebSite\",\"@id\":\"https:\/\/lucartfund.cz\/cs\/#website\",\"url\":\"https:\/\/lucartfund.cz\/cs\/\",\"name\":\"Luc Art Fund\",\"description\":\"Neziskov\\u00e1 organizace Luc Art Fund se zam\\u011b\\u0159uje na pos\\u00edlen\\u00ed mezin\\u00e1rodn\\u00ed prezence v\\u00fdtvarn\\u00fdch um\\u011blc\\u016f z \\u010cesk\\u00e9 republiky a na rozvoj sc\\u00e9ny sou\\u010dasn\\u00e9ho um\\u011bn\\u00ed.\",\"publisher\":{\"@id\":\"https:\/\/lucartfund.cz\/cs\/#organization\"},\"potentialAction\":[{\"@type\":\"SearchAction\",\"target\":\"https:\/\/lucartfund.cz\/cs\/?s={search_term_string}\",\"query-input\":\"required name=search_term_string\"}],\"inLanguage\":\"cs\"},{\"@type\":\"ImageObject\",\"@id\":\"https:\/\/lucartfund.cz\/#primaryimage\",\"inLanguage\":\"cs\",\"url\":\"https:\/\/lucartfund.cz\/wp-content\/uploads\/2021\/11\/foto-homepage.jpg\",\"width\":1920,\"height\":1280},{\"@type\":\"WebPage\",\"@id\":\"https:\/\/lucartfund.cz\/#webpage\",\"url\":\"https:\/\/lucartfund.cz\/\",\"name\":\"Luc Art Fund - Nada\\u010dn\\u00ed fond podporuj\\u00edc\\u00ed sou\\u010dasn\\u00e9 um\\u011blce a um\\u011blkyn\\u011b\",\"isPartOf\":{\"@id\":\"https:\/\/lucartfund.cz\/cs\/#website\"},\"primaryImageOfPage\":{\"@id\":\"https:\/\/lucartfund.cz\/#primaryimage\"},\"datePublished\":\"2021-01-13T15:59:49+00:00\",\"dateModified\":\"2021-11-08T11:45:18+00:00\",\"description\":\"Neziskov\\u00e1 organizace Luc Art Fund se zam\\u011b\\u0159uje na pos\\u00edlen\\u00ed mezin\\u00e1rodn\\u00ed prezence v\\u00fdtvarn\\u00fdch um\\u011blc\\u016f a um\\u011blky\\u0148 z \\u010cesk\\u00e9 republiky.\",\"inLanguage\":\"cs\",\"potentialAction\":[{\"@type\":\"ReadAction\",\"target\":[\"https:\/\/lucartfund.cz\/\"]}]}]}<\/script>\n<!-- \/ Yoast SEO plugin. -->","_links":{"self":[{"href":"https:\/\/lucartfund.cz\/cs\/wp-json\/wp\/v2\/pages\/15","targetHints":{"allow":["GET"]}}],"collection":[{"href":"https:\/\/lucartfund.cz\/cs\/wp-json\/wp\/v2\/pages"}],"about":[{"href":"https:\/\/lucartfund.cz\/cs\/wp-json\/wp\/v2\/types\/page"}],"author":[{"embeddable":true,"href":"https:\/\/lucartfund.cz\/cs\/wp-json\/wp\/v2\/users\/1"}],"replies":[{"embeddable":true,"href":"https:\/\/lucartfund.cz\/cs\/wp-json\/wp\/v2\/comments?post=15"}],"version-history":[{"count":12,"href":"https:\/\/lucartfund.cz\/cs\/wp-json\/wp\/v2\/pages\/15\/revisions"}],"predecessor-version":[{"id":121,"href":"https:\/\/lucartfund.cz\/cs\/wp-json\/wp\/v2\/pages\/15\/revisions\/121"}],"wp:attachment":[{"href":"https:\/\/lucartfund.cz\/cs\/wp-json\/wp\/v2\/media?parent=15"}],"curies":[{"name":"wp","href":"https:\/\/api.w.org\/{rel}","templated":true}]}}